{"id":5,"date":"2025-08-01T17:08:53","date_gmt":"2025-08-01T15:08:53","guid":{"rendered":"https:\/\/racinesdudesert.com\/stages-retraites-d%C3%A9sert\/?page_id=5"},"modified":"2026-04-24T12:24:42","modified_gmt":"2026-04-24T10:24:42","slug":"accueil","status":"publish","type":"page","link":"https:\/\/racinesdudesert.com\/stages-retraites-d%C3%A9sert\/","title":{"rendered":"Accueil"},"content":{"rendered":"\n<figure class=\"wp-block-image size-full\"><img data-recalc-dims=\"1\" loading=\"lazy\" decoding=\"async\" width=\"1920\" height=\"400\" src=\"https:\/\/i0.wp.com\/racinesdudesert.com\/stages-retraites-d%C3%A9sert\/wp-content\/uploads\/Banner-2-1920x400-1.jpg?resize=1920%2C400&#038;ssl=1\" alt=\"tentes nomades et s\u00e9ance de yoga dans les dunes\" class=\"wp-image-5126\" srcset=\"https:\/\/i0.wp.com\/racinesdudesert.com\/stages-retraites-d%C3%A9sert\/wp-content\/uploads\/Banner-2-1920x400-1.jpg?w=1920&amp;ssl=1 1920w, https:\/\/i0.wp.com\/racinesdudesert.com\/stages-retraites-d%C3%A9sert\/wp-content\/uploads\/Banner-2-1920x400-1.jpg?resize=1024%2C213&amp;ssl=1 1024w, https:\/\/i0.wp.com\/racinesdudesert.com\/stages-retraites-d%C3%A9sert\/wp-content\/uploads\/Banner-2-1920x400-1.jpg?resize=768%2C160&amp;ssl=1 768w, https:\/\/i0.wp.com\/racinesdudesert.com\/stages-retraites-d%C3%A9sert\/wp-content\/uploads\/Banner-2-1920x400-1.jpg?resize=1536%2C320&amp;ssl=1 1536w, https:\/\/i0.wp.com\/racinesdudesert.com\/stages-retraites-d%C3%A9sert\/wp-content\/uploads\/Banner-2-1920x400-1.jpg?resize=500%2C104&amp;ssl=1 500w\" sizes=\"auto, (max-width: 1000px) 100vw, 1000px\" \/><\/figure>\n\n\n\n<h1 class=\"wp-block-heading has-text-align-center\">Organisation de stages \u00e0 th\u00e8me, s\u00e9jours bien-\u00eatre ou retraites spirituelles dans le d\u00e9sert<\/h1>\n\n\n\n<p><\/p>\n\n\n<p><a href=\"https:\/\/racinesdudesert.com\/qui-sommes-nous\/\">Racines du D\u00e9sert<\/a> vous propose une large gamme de stages et retraites dans le d\u00e9sert.<\/p>\n<p>Nous avons tous besoin de pause pour une d\u00e9connexion profonde, et une reconnexion avec la nature et avec nous-m\u00eame. Le d\u00e9sert marocain est un endroit id\u00e9al pour se ressourcer au milieu des dunes et \u00e9couter le silence du d\u00e9sert.<\/p>\n<p>Que ce soit \u00e0 travers le chant, la danse, le yoga, les exercices physiques, ou la respiration, nos professeurs vous accompagneront dans une d\u00e9couverte ou un approfondissement de la discipline choisie.<\/p>\n<p>Laissez vous porter par les sons, par la respiration, par les mouvements du corps, par le partage de paroles en confiance, ou par la musique, et laissez vous emmener pour un <a href=\"https:\/\/racinesdudesert.com\/stages-retraites-d%C3%A9sert\/details-pratiques\/\">voyage dans le voyage.<\/a><\/p>\n\n\n<div style=\"height:50px\" aria-hidden=\"true\" class=\"wp-block-spacer\"><\/div>\n\n\n\n<div class=\"wp-block-buttons alignwide is-content-justification-center is-layout-flex wp-container-core-buttons-is-layout-a89b3969 wp-block-buttons-is-layout-flex\">\n<div class=\"wp-block-button\"><a class=\"wp-block-button__link has-text-align-center wp-element-button\" href=\"https:\/\/racinesdudesert.com\/stages-retraites-d%C3%A9sert\/category\/stages-et-retraites-dans-le-desert\/\">Voir tous nos voyages<\/a><\/div>\n<\/div>\n\n\n\n<p><\/p>\n","protected":false},"excerpt":{"rendered":"<p>Organisation de stages \u00e0 th\u00e8me, s\u00e9jours bien-\u00eatre ou retraites spirituelles dans le d\u00e9sert Racines du D\u00e9sert vous propose une large [&hellip;]<\/p>\n","protected":false},"author":1,"featured_media":0,"parent":0,"menu_order":0,"comment_status":"closed","ping_status":"closed","template":"","meta":{"site-sidebar-layout":"default","site-content-layout":"","ast-site-content-layout":"default","site-content-style":"default","site-sidebar-style":"default","ast-global-header-display":"","ast-banner-title-visibility":"","ast-main-header-display":"","ast-hfb-above-header-display":"","ast-hfb-below-header-display":"","ast-hfb-mobile-header-display":"","site-post-title":"","ast-breadcrumbs-content":"","ast-featured-img":"","footer-sml-layout":"","ast-disable-related-posts":"","theme-transparent-header-meta":"","adv-header-id-meta":"","stick-header-meta":"","header-above-stick-meta":"","header-main-stick-meta":"","header-below-stick-meta":"","astra-migrate-meta-layouts":"default","ast-page-background-enabled":"default","ast-page-background-meta":{"desktop":{"background-color":"var(--ast-global-color-5)","background-image":"","background-repeat":"repeat","background-position":"center center","background-size":"auto","background-attachment":"scroll","background-type":"","background-media":"","overlay-type":"","overlay-color":"","overlay-opacity":"","overlay-gradient":""},"tablet":{"background-color":"","background-image":"","background-repeat":"repeat","background-position":"center center","background-size":"auto","background-attachment":"scroll","background-type":"","background-media":"","overlay-type":"","overlay-color":"","overlay-opacity":"","overlay-gradient":""},"mobile":{"background-color":"","background-image":"","background-repeat":"repeat","background-position":"center center","background-size":"auto","background-attachment":"scroll","background-type":"","background-media":"","overlay-type":"","overlay-color":"","overlay-opacity":"","overlay-gradient":""}},"ast-content-background-meta":{"desktop":{"background-color":"var(--ast-global-color-4)","background-image":"","background-repeat":"repeat","background-position":"center center","background-size":"auto","background-attachment":"scroll","background-type":"","background-media":"","overlay-type":"","overlay-color":"","overlay-opacity":"","overlay-gradient":""},"tablet":{"background-color":"var(--ast-global-color-4)","background-image":"","background-repeat":"repeat","background-position":"center center","background-size":"auto","background-attachment":"scroll","background-type":"","background-media":"","overlay-type":"","overlay-color":"","overlay-opacity":"","overlay-gradient":""},"mobile":{"background-color":"var(--ast-global-color-4)","background-image":"","background-repeat":"repeat","background-position":"center center","background-size":"auto","background-attachment":"scroll","background-type":"","background-media":"","overlay-type":"","overlay-color":"","overlay-opacity":"","overlay-gradient":""}},"footnotes":""},"class_list":["post-5","page","type-page","status-publish","hentry"],"yoast_head":"<!-- This site is optimized with the Yoast SEO plugin v26.6 - https:\/\/yoast.com\/wordpress\/plugins\/seo\/ -->\n<title>Retraites bien-\u00eatre et stages yoga dans le d\u00e9sert marocain<\/title>\n<meta name=\"description\" content=\"Le plus grand choix de stages de yoga et retraites dans le d\u00e9sert, autour du bien-\u00eatre et de la reconnexion \u00e0 soi et avec la nature.\" \/>\n<meta name=\"robots\" content=\"index, follow, max-snippet:-1, max-image-preview:large, max-video-preview:-1\" \/>\n<link rel=\"canonical\" href=\"https:\/\/racinesdudesert.com\/stages-retraites-d\u00e9sert\/\" \/>\n<meta property=\"og:locale\" content=\"fr_FR\" \/>\n<meta property=\"og:type\" content=\"article\" \/>\n<meta property=\"og:title\" content=\"Retraites bien-\u00eatre et stages yoga dans le d\u00e9sert marocain\" \/>\n<meta property=\"og:description\" content=\"Le plus grand choix de stages de yoga et retraites dans le d\u00e9sert, autour du bien-\u00eatre et de la reconnexion \u00e0 soi et avec la nature.\" \/>\n<meta property=\"og:url\" content=\"https:\/\/racinesdudesert.com\/stages-retraites-d\u00e9sert\/\" \/>\n<meta property=\"article:publisher\" content=\"https:\/\/www.facebook.com\/people\/Racines-du-Dsert\/100064091077976\/\" \/>\n<meta property=\"article:modified_time\" content=\"2026-04-24T10:24:42+00:00\" \/>\n<meta property=\"og:image\" content=\"https:\/\/racinesdudesert.com\/stages-retraites-d%C3%A9sert\/wp-content\/uploads\/Banner-2-1920x400-1.jpg\" \/>\n<meta name=\"twitter:card\" content=\"summary_large_image\" \/>\n<meta name=\"twitter:label1\" content=\"Dur\u00e9e de lecture estim\u00e9e\" \/>\n\t<meta name=\"twitter:data1\" content=\"1 minute\" \/>\n<script type=\"application\/ld+json\" class=\"yoast-schema-graph\">{\"@context\":\"https:\/\/schema.org\",\"@graph\":[{\"@type\":\"WebPage\",\"@id\":\"https:\/\/racinesdudesert.com\/stages-retraites-d%C3%A9sert\/\",\"url\":\"https:\/\/racinesdudesert.com\/stages-retraites-d%C3%A9sert\/\",\"name\":\"Retraites bien-\u00eatre et stages yoga dans le d\u00e9sert marocain\",\"isPartOf\":{\"@id\":\"https:\/\/racinesdudesert.com\/stages-retraites-d%C3%A9sert\/#website\"},\"primaryImageOfPage\":{\"@id\":\"https:\/\/racinesdudesert.com\/stages-retraites-d%C3%A9sert\/#primaryimage\"},\"image\":{\"@id\":\"https:\/\/racinesdudesert.com\/stages-retraites-d%C3%A9sert\/#primaryimage\"},\"thumbnailUrl\":\"https:\/\/racinesdudesert.com\/stages-retraites-d%C3%A9sert\/wp-content\/uploads\/Banner-2-1920x400-1.jpg\",\"datePublished\":\"2025-08-01T15:08:53+00:00\",\"dateModified\":\"2026-04-24T10:24:42+00:00\",\"description\":\"Le plus grand choix de stages de yoga et retraites dans le d\u00e9sert, autour du bien-\u00eatre et de la reconnexion \u00e0 soi et avec la nature.\",\"breadcrumb\":{\"@id\":\"https:\/\/racinesdudesert.com\/stages-retraites-d%C3%A9sert\/#breadcrumb\"},\"inLanguage\":\"fr-FR\",\"potentialAction\":[{\"@type\":\"ReadAction\",\"target\":[\"https:\/\/racinesdudesert.com\/stages-retraites-d%C3%A9sert\/\"]}]},{\"@type\":\"ImageObject\",\"inLanguage\":\"fr-FR\",\"@id\":\"https:\/\/racinesdudesert.com\/stages-retraites-d%C3%A9sert\/#primaryimage\",\"url\":\"https:\/\/i0.wp.com\/racinesdudesert.com\/stages-retraites-d%C3%A9sert\/wp-content\/uploads\/Banner-2-1920x400-1.jpg?fit=1920%2C400&ssl=1\",\"contentUrl\":\"https:\/\/i0.wp.com\/racinesdudesert.com\/stages-retraites-d%C3%A9sert\/wp-content\/uploads\/Banner-2-1920x400-1.jpg?fit=1920%2C400&ssl=1\",\"width\":1920,\"height\":400},{\"@type\":\"BreadcrumbList\",\"@id\":\"https:\/\/racinesdudesert.com\/stages-retraites-d%C3%A9sert\/#breadcrumb\",\"itemListElement\":[{\"@type\":\"ListItem\",\"position\":1,\"name\":\"Accueil\",\"item\":\"https:\/\/racinesdudesert.com\/stages-retraites-d%C3%A9sert\/\"},{\"@type\":\"ListItem\",\"position\":2,\"name\":\"Accueil\"}]},{\"@type\":\"WebSite\",\"@id\":\"https:\/\/racinesdudesert.com\/stages-retraites-d%C3%A9sert\/#website\",\"url\":\"https:\/\/racinesdudesert.com\/stages-retraites-d%C3%A9sert\/\",\"name\":\"\",\"description\":\"Organisation de retraites dans le d\u00e9sert\",\"publisher\":{\"@id\":\"https:\/\/racinesdudesert.com\/stages-retraites-d%C3%A9sert\/#organization\"},\"potentialAction\":[{\"@type\":\"SearchAction\",\"target\":{\"@type\":\"EntryPoint\",\"urlTemplate\":\"https:\/\/racinesdudesert.com\/stages-retraites-d%C3%A9sert\/?s={search_term_string}\"},\"query-input\":{\"@type\":\"PropertyValueSpecification\",\"valueRequired\":true,\"valueName\":\"search_term_string\"}}],\"inLanguage\":\"fr-FR\"},{\"@type\":\"Organization\",\"@id\":\"https:\/\/racinesdudesert.com\/stages-retraites-d%C3%A9sert\/#organization\",\"name\":\"Racines du D\u00e9sert\",\"alternateName\":\"Les Racines du D\u00e9sert\",\"url\":\"https:\/\/racinesdudesert.com\/stages-retraites-d%C3%A9sert\/\",\"logo\":{\"@type\":\"ImageObject\",\"inLanguage\":\"fr-FR\",\"@id\":\"https:\/\/racinesdudesert.com\/stages-retraites-d%C3%A9sert\/#\/schema\/logo\/image\/\",\"url\":\"https:\/\/i0.wp.com\/racinesdudesert.com\/stages-retraites-d%C3%A9sert\/wp-content\/uploads\/cropped-a-imprimer.png?fit=793%2C353&ssl=1\",\"contentUrl\":\"https:\/\/i0.wp.com\/racinesdudesert.com\/stages-retraites-d%C3%A9sert\/wp-content\/uploads\/cropped-a-imprimer.png?fit=793%2C353&ssl=1\",\"width\":793,\"height\":353,\"caption\":\"Racines du D\u00e9sert\"},\"image\":{\"@id\":\"https:\/\/racinesdudesert.com\/stages-retraites-d%C3%A9sert\/#\/schema\/logo\/image\/\"},\"sameAs\":[\"https:\/\/www.facebook.com\/people\/Racines-du-Dsert\/100064091077976\/\",\"https:\/\/www.instagram.com\/racines_du_desert\/\"]}]}<\/script>\n<!-- \/ Yoast SEO plugin. -->","yoast_head_json":{"title":"Retraites bien-\u00eatre et stages yoga dans le d\u00e9sert marocain","description":"Le plus grand choix de stages de yoga et retraites dans le d\u00e9sert, autour du bien-\u00eatre et de la reconnexion \u00e0 soi et avec la nature.","robots":{"index":"index","follow":"follow","max-snippet":"max-snippet:-1","max-image-preview":"max-image-preview:large","max-video-preview":"max-video-preview:-1"},"canonical":"https:\/\/racinesdudesert.com\/stages-retraites-d\u00e9sert\/","og_locale":"fr_FR","og_type":"article","og_title":"Retraites bien-\u00eatre et stages yoga dans le d\u00e9sert marocain","og_description":"Le plus grand choix de stages de yoga et retraites dans le d\u00e9sert, autour du bien-\u00eatre et de la reconnexion \u00e0 soi et avec la nature.","og_url":"https:\/\/racinesdudesert.com\/stages-retraites-d\u00e9sert\/","article_publisher":"https:\/\/www.facebook.com\/people\/Racines-du-Dsert\/100064091077976\/","article_modified_time":"2026-04-24T10:24:42+00:00","og_image":[{"url":"https:\/\/racinesdudesert.com\/stages-retraites-d%C3%A9sert\/wp-content\/uploads\/Banner-2-1920x400-1.jpg","type":"","width":"","height":""}],"twitter_card":"summary_large_image","twitter_misc":{"Dur\u00e9e de lecture estim\u00e9e":"1 minute"},"schema":{"@context":"https:\/\/schema.org","@graph":[{"@type":"WebPage","@id":"https:\/\/racinesdudesert.com\/stages-retraites-d%C3%A9sert\/","url":"https:\/\/racinesdudesert.com\/stages-retraites-d%C3%A9sert\/","name":"Retraites bien-\u00eatre et stages yoga dans le d\u00e9sert marocain","isPartOf":{"@id":"https:\/\/racinesdudesert.com\/stages-retraites-d%C3%A9sert\/#website"},"primaryImageOfPage":{"@id":"https:\/\/racinesdudesert.com\/stages-retraites-d%C3%A9sert\/#primaryimage"},"image":{"@id":"https:\/\/racinesdudesert.com\/stages-retraites-d%C3%A9sert\/#primaryimage"},"thumbnailUrl":"https:\/\/racinesdudesert.com\/stages-retraites-d%C3%A9sert\/wp-content\/uploads\/Banner-2-1920x400-1.jpg","datePublished":"2025-08-01T15:08:53+00:00","dateModified":"2026-04-24T10:24:42+00:00","description":"Le plus grand choix de stages de yoga et retraites dans le d\u00e9sert, autour du bien-\u00eatre et de la reconnexion \u00e0 soi et avec la nature.","breadcrumb":{"@id":"https:\/\/racinesdudesert.com\/stages-retraites-d%C3%A9sert\/#breadcrumb"},"inLanguage":"fr-FR","potentialAction":[{"@type":"ReadAction","target":["https:\/\/racinesdudesert.com\/stages-retraites-d%C3%A9sert\/"]}]},{"@type":"ImageObject","inLanguage":"fr-FR","@id":"https:\/\/racinesdudesert.com\/stages-retraites-d%C3%A9sert\/#primaryimage","url":"https:\/\/i0.wp.com\/racinesdudesert.com\/stages-retraites-d%C3%A9sert\/wp-content\/uploads\/Banner-2-1920x400-1.jpg?fit=1920%2C400&ssl=1","contentUrl":"https:\/\/i0.wp.com\/racinesdudesert.com\/stages-retraites-d%C3%A9sert\/wp-content\/uploads\/Banner-2-1920x400-1.jpg?fit=1920%2C400&ssl=1","width":1920,"height":400},{"@type":"BreadcrumbList","@id":"https:\/\/racinesdudesert.com\/stages-retraites-d%C3%A9sert\/#breadcrumb","itemListElement":[{"@type":"ListItem","position":1,"name":"Accueil","item":"https:\/\/racinesdudesert.com\/stages-retraites-d%C3%A9sert\/"},{"@type":"ListItem","position":2,"name":"Accueil"}]},{"@type":"WebSite","@id":"https:\/\/racinesdudesert.com\/stages-retraites-d%C3%A9sert\/#website","url":"https:\/\/racinesdudesert.com\/stages-retraites-d%C3%A9sert\/","name":"","description":"Organisation de retraites dans le d\u00e9sert","publisher":{"@id":"https:\/\/racinesdudesert.com\/stages-retraites-d%C3%A9sert\/#organization"},"potentialAction":[{"@type":"SearchAction","target":{"@type":"EntryPoint","urlTemplate":"https:\/\/racinesdudesert.com\/stages-retraites-d%C3%A9sert\/?s={search_term_string}"},"query-input":{"@type":"PropertyValueSpecification","valueRequired":true,"valueName":"search_term_string"}}],"inLanguage":"fr-FR"},{"@type":"Organization","@id":"https:\/\/racinesdudesert.com\/stages-retraites-d%C3%A9sert\/#organization","name":"Racines du D\u00e9sert","alternateName":"Les Racines du D\u00e9sert","url":"https:\/\/racinesdudesert.com\/stages-retraites-d%C3%A9sert\/","logo":{"@type":"ImageObject","inLanguage":"fr-FR","@id":"https:\/\/racinesdudesert.com\/stages-retraites-d%C3%A9sert\/#\/schema\/logo\/image\/","url":"https:\/\/i0.wp.com\/racinesdudesert.com\/stages-retraites-d%C3%A9sert\/wp-content\/uploads\/cropped-a-imprimer.png?fit=793%2C353&ssl=1","contentUrl":"https:\/\/i0.wp.com\/racinesdudesert.com\/stages-retraites-d%C3%A9sert\/wp-content\/uploads\/cropped-a-imprimer.png?fit=793%2C353&ssl=1","width":793,"height":353,"caption":"Racines du D\u00e9sert"},"image":{"@id":"https:\/\/racinesdudesert.com\/stages-retraites-d%C3%A9sert\/#\/schema\/logo\/image\/"},"sameAs":["https:\/\/www.facebook.com\/people\/Racines-du-Dsert\/100064091077976\/","https:\/\/www.instagram.com\/racines_du_desert\/"]}]}},"jetpack_sharing_enabled":true,"_links":{"self":[{"href":"https:\/\/racinesdudesert.com\/stages-retraites-d%C3%A9sert\/wp-json\/wp\/v2\/pages\/5","targetHints":{"allow":["GET"]}}],"collection":[{"href":"https:\/\/racinesdudesert.com\/stages-retraites-d%C3%A9sert\/wp-json\/wp\/v2\/pages"}],"about":[{"href":"https:\/\/racinesdudesert.com\/stages-retraites-d%C3%A9sert\/wp-json\/wp\/v2\/types\/page"}],"author":[{"embeddable":true,"href":"https:\/\/racinesdudesert.com\/stages-retraites-d%C3%A9sert\/wp-json\/wp\/v2\/users\/1"}],"replies":[{"embeddable":true,"href":"https:\/\/racinesdudesert.com\/stages-retraites-d%C3%A9sert\/wp-json\/wp\/v2\/comments?post=5"}],"version-history":[{"count":32,"href":"https:\/\/racinesdudesert.com\/stages-retraites-d%C3%A9sert\/wp-json\/wp\/v2\/pages\/5\/revisions"}],"predecessor-version":[{"id":6869,"href":"https:\/\/racinesdudesert.com\/stages-retraites-d%C3%A9sert\/wp-json\/wp\/v2\/pages\/5\/revisions\/6869"}],"wp:attachment":[{"href":"https:\/\/racinesdudesert.com\/stages-retraites-d%C3%A9sert\/wp-json\/wp\/v2\/media?parent=5"}],"curies":[{"name":"wp","href":"https:\/\/api.w.org\/{rel}","templated":true}]}}